{"id":2917,"date":"2025-09-19T15:27:37","date_gmt":"2025-09-19T15:27:37","guid":{"rendered":"https:\/\/staging.phimostop.com\/privacy-policy\/"},"modified":"2026-02-24T12:11:31","modified_gmt":"2026-02-24T11:11:31","slug":"privacy-policy","status":"publish","type":"page","link":"https:\/\/staging.phimostop.com\/es\/privacy-policy\/","title":{"rendered":"Privacy Policy"},"content":{"rendered":"\n<p><strong>Pol\u00edtica de privacidad de conformidad con el Reglamento (UE) 2016\/679 <\/strong><\/p>\n\n\n\n<p><strong>en materia de protecci\u00f3n de datos personales<\/strong><\/p>\n\n\n\n<p><strong>1. Objeto<\/strong><\/p>\n\n\n\n<p>La presente pol\u00edtica de privacidad (\u00ab<strong>Pol\u00edtica de privacidad<\/strong>\u00bb) se proporciona de conformidad con los art\u00edculo 13 del Reglamento (UE) 2016\/679 (en adelante, el \u00ab<strong>RGPD<\/strong>\u00bb) con el fin de informarle sobre el tratamiento de sus datos personales (en adelante, los <strong>\u00abDatos <\/strong><strong>personales<\/strong>\u00bb) que se lleva a cabo cuando interact\u00faa con el sitio web www.phimostop.com (en adelante, el \u00ab<strong>Sitio<\/strong>\u00bb).<\/p>\n\n\n\n<p><strong>2. Responsable del tratamiento y <\/strong><strong><em>delegado de protecci\u00f3n de datos<\/em><\/strong><\/p>\n\n\n\n<p>Sus Datos personales son tratados por Phimomed S.r.l. C.F. y P. IVA 12625111005, con domicilio social en Roma, Via Cicerone, 60, PEC phimomed@legalmail.it (en adelante, la \u00ab<strong>Sociedad<\/strong>\u00bb o el \u00ab<strong>Responsable<\/strong>\u00bb).<\/p>\n\n\n\n<p>Para cualquier informaci\u00f3n sobre el tratamiento de los datos personales, as\u00ed como para el ejercicio de sus derechos, puede ponerse en contacto con el responsable de la protecci\u00f3n de datos designado por el responsable del tratamiento de conformidad con el art\u00edculo 37 del RGPD (en adelante, el <strong><em>\u00abDelegado de Protecci\u00f3n de <\/em><\/strong><strong><em>Datos<\/em><\/strong>\u00bb o \u00ab<strong>DPO<\/strong>\u00bb). Puede ponerse en contacto con el <em>Delegado de Protecci\u00f3n de Datos<\/em> en cualquier momento en la siguiente direcci\u00f3n de correo electr\u00f3nico: dpo@phimomed.com. <\/p>\n\n\n\n<p><strong>3. Categor\u00edas de datos objeto del tratamiento<\/strong><\/p>\n\n\n\n<p>Los datos personales tratados por el Responsable incluyen:<\/p>\n\n\n\n<p>Datos de uso relacionados con la interacci\u00f3n con el Sitio, tales como, a modo de ejemplo, informaci\u00f3n sobre el dispositivo utilizado, estad\u00edsticas de sesiones y n\u00famero de usuarios, pulsaciones de teclas, clics realizados, eventos relacionados con sensores de movimiento, movimientos del rat\u00f3n, posici\u00f3n y modo de desplazamiento de la p\u00e1gina, idioma configurado.<\/p>\n\n\n\n<p>Datos de pago necesarios para la gesti\u00f3n de compras y transacciones, como direcci\u00f3n de correo electr\u00f3nico, nombre, apellidos, nombre de usuario, n\u00famero de tel\u00e9fono, informaci\u00f3n de pago, historial de compras realizadas, direcci\u00f3n de facturaci\u00f3n.<\/p>\n\n\n\n<p>Datos relacionados con la salud: el Titular no recopila ni trata directamente datos relacionados con la salud. Sin embargo, de forma meramente potencial, cierta informaci\u00f3n relacionada con su estado de salud o el de terceros podr\u00eda deducirse indirectamente de la categor\u00eda de producto adquirido.<\/p>\n\n\n\n<p><strong>4. <\/strong><strong>Cookies y otros sistemas de seguimiento<\/strong><\/p>\n\n\n\n<p><em>Las cookies <\/em>son peque\u00f1os fragmentos de c\u00f3digo que los sitios web visitados por el usuario env\u00edan al <em>navegador<\/em>, donde se almacenan para luego ser retransmitidos a los mismos sitios durante la navegaci\u00f3n o en la siguiente visita del mismo usuario. Durante la navegaci\u00f3n, el usuario tambi\u00e9n puede recibir en su dispositivo <em>cookies <\/em>enviadas por sitios <em>web<\/em> o <em>servidores web <\/em>diferentes (los denominados \u00abde terceros\u00bb), en los que pueden residir algunos elementos (como, por ejemplo, im\u00e1genes, mapas, sonidos, <em>enlaces<\/em> espec\u00edficos a p\u00e1ginas de otros dominios) presentes en el sitio web que el usuario est\u00e1 visitando. De este modo, por ejemplo, las <em>cookies <\/em>permiten y\/o facilitan el acceso a determinadas p\u00e1ginas <em>de Internet <\/em>para mejorar la navegaci\u00f3n del usuario (es decir, permiten el almacenamiento de las p\u00e1ginas visitadas y otra informaci\u00f3n espec\u00edfica, como las p\u00e1ginas consultadas con m\u00e1s frecuencia, los errores de conexi\u00f3n, etc.), o permiten actividades de perfilado.<\/p>\n\n\n\n<p>Para obtener m\u00e1s informaci\u00f3n sobre el uso de cookies en el Sitio, puede consultar la <a href=\"https:\/\/www.phimostop.com\/es\/cookie-policy\/\">Pol\u00edtica de cookies<\/a>.<\/p>\n\n\n\n<p><strong>5<\/strong><strong>. Finalidad y base jur\u00eddica del tratamiento<\/strong><\/p>\n\n\n\n<p>Los datos personales se tratan:<\/p>\n\n\n\n<p>con el fin de permitir la compra de los productos ofrecidos a trav\u00e9s del Sitio, as\u00ed como para garantizar la correcta prestaci\u00f3n de los servicios relacionados y la gesti\u00f3n de los pagos, de conformidad con el art\u00edculo 6, apartado 1, letra b) del RGPD;<\/p>\n\n\n\n<p>sobre la base de su consentimiento expl\u00edcito, de conformidad con el art\u00edculo 9, apartado 2, letra a) del RGPD, cuando de la compra de determinados productos se pueda deducir indirectamente informaci\u00f3n que entre dentro de las categor\u00edas especiales de datos personales (datos relativos a la salud). La falta de consentimiento no afecta a la posibilidad de navegar por el Sitio, pero podr\u00eda impedir la compra de categor\u00edas espec\u00edficas de productos.<\/p>\n\n\n\n<p>para cumplir con las obligaciones legales a las que est\u00e1 sujeto el Responsable, por ejemplo, en materia contable y fiscal, de conformidad con el art. 6 (1), letra c) del RGPD;<\/p>\n\n\n\n<p>con el fin de satisfacer el inter\u00e9s leg\u00edtimo del Responsable de garantizar la seguridad y el correcto funcionamiento del Sitio, de conformidad con el art. 6 (1), letra f) del RGPD;<\/p>\n\n\n\n<p><strong>6<\/strong><strong>. Naturaleza del suministro de datos personales y consecuencias de la posible negativa a responder<\/strong><\/p>\n\n\n\n<p>El suministro de datos personales es facultativo. Sin embargo, algunos datos personales son necesarios para que podamos prestarle los servicios que solicita y cumplir con las obligaciones legales a las que estamos sujetos. Si no nos facilita dicha informaci\u00f3n, no podr\u00e1 disfrutar de los servicios ofrecidos a trav\u00e9s del Sitio. <\/p>\n\n\n\n<p><strong>7<\/strong><strong>. Modalidades del tratamiento<\/strong><\/p>\n\n\n\n<p>El tratamiento de los datos personales se llevar\u00e1 a cabo, de acuerdo con los principios de correcci\u00f3n, licitud y transparencia, mediante soportes y\/o instrumentos inform\u00e1ticos, manuales y\/o telem\u00e1ticos, con l\u00f3gicas estrictamente relacionadas con los fines del tratamiento y, en cualquier caso, garantizando la confidencialidad y seguridad de los datos y el cumplimiento de las obligaciones espec\u00edficas establecidas por la ley. La disponibilidad, gesti\u00f3n, acceso, conservaci\u00f3n y usabilidad de los datos que le conciernen est\u00e1n garantizados por la adopci\u00f3n de medidas t\u00e9cnicas y organizativas para asegurar los niveles adecuados de seguridad de conformidad con los art\u00edculos 25 y 32 del RGPD, as\u00ed como, en relaci\u00f3n con los fines espec\u00edficos del tratamiento identificados por la normativa sobre protecci\u00f3n de datos personales, para garantizar el cumplimiento de las medidas de garant\u00eda del Garante para la protecci\u00f3n de datos personales y de las disposiciones pertinentes del sector de conformidad con el derecho de la Uni\u00f3n Europea y el derecho nacional (por ejemplo, las disposiciones espec\u00edficas en materia de comunicaciones comerciales). El tratamiento lo llevan a cabo personas internas de la organizaci\u00f3n del Responsable del tratamiento, debidamente autorizadas e instruidas, en pleno cumplimiento del art\u00edculos 29 del RGPD. En cualquier caso, se garantizar\u00e1 la seguridad l\u00f3gica y f\u00edsica y la confidencialidad de la informaci\u00f3n tratada.<\/p>\n\n\n\n<p><strong>8<\/strong><strong>. Conservaci\u00f3n de los datos personales<\/strong><\/p>\n\n\n\n<p>Los datos personales se conservar\u00e1n solo durante el tiempo estrictamente necesario para los fines para los que se recogen, respetando el principio de minimizaci\u00f3n establecido en el art\u00edculo 5, apartado 1, letra c), del RGPD.<\/p>\n\n\n\n<p>Sus datos ser\u00e1n tratados durante el tiempo m\u00ednimo necesario para el cumplimiento de las obligaciones legales, siempre que no sea necesario conservarlos durante m\u00e1s tiempo para defender o hacer valer un derecho o para cumplir con otras obligaciones legales u \u00f3rdenes de las autoridades. En particular, los datos relativos a los pagos y la facturaci\u00f3n se conservar\u00e1n durante 10 a\u00f1os, de conformidad con la legislaci\u00f3n civil y fiscal vigente.<\/p>\n\n\n\n<p><strong>9<\/strong><strong>. <\/strong><strong>Destinatarios de los datos personales<\/strong><\/p>\n\n\n\n<p>Sus datos podr\u00e1n ser compartidos con: empleados y colaboradores del Responsable, designados como encargados del tratamiento, de conformidad con el art\u00edculo 29 del RGPD; terceros, a los que el Responsable recurre para la prestaci\u00f3n de los servicios, que act\u00faan como encargados del tratamiento de conformidad con el art\u00edculo 28 del Reglamento; sujetos, entidades o autoridades, responsables aut\u00f3nomos del tratamiento, a los que es obligatorio comunicar sus datos personales en virtud de disposiciones legales u \u00f3rdenes de las autoridades.<\/p>\n\n\n\n<p><strong>10. Transferencia de datos personales fuera de la UE<\/strong><\/p>\n\n\n\n<p>Los datos personales podr\u00e1n ser objeto de transferencia a terceros pa\u00edses fuera de la Uni\u00f3n Europea. Dicha transferencia solo se realizar\u00e1 a pa\u00edses que garanticen un nivel de protecci\u00f3n adecuado seg\u00fan la Comisi\u00f3n Europea (por ejemplo, Suiza, Canad\u00e1, Jap\u00f3n o Argentina) o, en cualquier caso, previa adopci\u00f3n de garant\u00edas adecuadas, como la suscripci\u00f3n de cl\u00e1usulas contractuales tipo aprobadas por la Comisi\u00f3n Europea o la selecci\u00f3n de sujetos adheridos a programas internacionales para la libre circulaci\u00f3n de datos.<\/p>\n\n\n\n<p><strong>11<\/strong><strong>. Derechos del interesado<\/strong><\/p>\n\n\n\n<p>Podr\u00e1 ejercer en cualquier momento los derechos contemplados en los art\u00edculos 15 a 22 del RGPD y, en particular, obtener:<\/p>\n\n\n\n<p>la confirmaci\u00f3n de si se est\u00e1n tratando o no datos personales que le conciernen y obtener acceso a los datos y a la siguiente informaci\u00f3n: fines del tratamiento, categor\u00edas de datos personales, destinatarios y\/o categor\u00edas de destinatarios, per\u00edodo de conservaci\u00f3n;<\/p>\n\n\n\n<p>la rectificaci\u00f3n de los datos personales inexactos que le conciernen y\/o la integraci\u00f3n de los datos personales incompletos, incluso mediante una declaraci\u00f3n complementaria;<\/p>\n\n\n\n<p>la cancelaci\u00f3n de los datos personales, en los casos previstos por el RGPD;<\/p>\n\n\n\n<p>la limitaci\u00f3n del tratamiento en los casos previstos por la normativa vigente en materia de privacidad;<\/p>\n\n\n\n<p>la portabilidad de los datos que le conciernen y, en particular, solicitar los datos personales facilitados al Responsable del tratamiento y\/o solicitar la transmisi\u00f3n directa de sus datos a otro Responsable del tratamiento.<\/p>\n\n\n\n<p>Adem\u00e1s, tiene derecho a revocar, en cualquier momento, el consentimiento prestado, sin que ello afecte a la licitud del tratamiento basado en el consentimiento previo a la revocaci\u00f3n, as\u00ed como el derecho a oponerse, en cualquier momento, al tratamiento de los datos personales, de conformidad con el art\u00edculo 21 del RGPD. <\/p>\n\n\n\n<p>Si considera que el tratamiento de los Datos Personales infringe lo dispuesto en el Reglamento, tiene derecho a presentar una reclamaci\u00f3n ante la Autoridad de Protecci\u00f3n de Datos Personales, tal y como se establece en el art\u00edculo 77 del propio RGPD, o a acudir a los tribunales competentes.<\/p>\n\n\n\n<p>Las solicitudes para ejercer los derechos mencionados anteriormente deben dirigirse al Responsable del tratamiento o al DPO, a las direcciones indicadas en el apartado n.\u00ba 2 de la Pol\u00edtica de privacidad.<\/p>\n\n\n\n<p>\u00daltima actualizaci\u00f3n: 24\/02\/2026<\/p>\n","protected":false},"excerpt":{"rendered":"<p>Pol\u00edtica de privacidad de conformidad con el Reglamento (UE) 2016\/679 en materia de protecci\u00f3n de datos personales 1. Objeto La presente pol\u00edtica de privacidad (\u00abPol\u00edtica de privacidad\u00bb) se proporciona de conformidad con los art\u00edculo 13 del Reglamento (UE) 2016\/679 (en adelante, el \u00abRGPD\u00bb) con el fin de informarle sobre el tratamiento de sus datos personales [&hellip;]<\/p>\n","protected":false},"author":1,"featured_media":0,"parent":0,"menu_order":0,"comment_status":"closed","ping_status":"open","template":"","meta":{"_acf_changed":false,"wl_entities_gutenberg":"","_gspb_post_css":"","footnotes":""},"wl_entity_type":[80],"class_list":["post-2917","page","type-page","status-publish","hentry","wl_entity_type-article"],"blocksy_meta":[],"yoast_head":"<!-- This site is optimized with the Yoast SEO plugin v26.7 - https:\/\/yoast.com\/wordpress\/plugins\/seo\/ -->\n<title>Privacy Policy - Phimostop<\/title>\n<meta name=\"robots\" content=\"noindex, follow, max-snippet:-1, max-image-preview:large, max-video-preview:-1\" \/>\n<meta property=\"og:locale\" content=\"es_ES\" \/>\n<meta property=\"og:type\" content=\"article\" \/>\n<meta property=\"og:title\" content=\"Privacy Policy - Phimostop\" \/>\n<meta property=\"og:description\" content=\"Pol\u00edtica de privacidad de conformidad con el Reglamento (UE) 2016\/679 en materia de protecci\u00f3n de datos personales 1. Objeto La presente pol\u00edtica de privacidad (\u00abPol\u00edtica de privacidad\u00bb) se proporciona de conformidad con los art\u00edculo 13 del Reglamento (UE) 2016\/679 (en adelante, el \u00abRGPD\u00bb) con el fin de informarle sobre el tratamiento de sus datos personales [&hellip;]\" \/>\n<meta property=\"og:url\" content=\"https:\/\/staging.phimostop.com\/es\/privacy-policy\/\" \/>\n<meta property=\"og:site_name\" content=\"Phimostop\" \/>\n<meta property=\"article:modified_time\" content=\"2026-02-24T11:11:31+00:00\" \/>\n<meta name=\"twitter:card\" content=\"summary_large_image\" \/>\n<meta name=\"twitter:label1\" content=\"Tiempo de lectura\" \/>\n\t<meta name=\"twitter:data1\" content=\"1 minuto\" \/>\n<script type=\"application\/ld+json\" class=\"yoast-schema-graph\">{\"@context\":\"https:\/\/schema.org\",\"@graph\":[{\"@type\":\"WebPage\",\"@id\":\"https:\/\/staging.phimostop.com\/es\/privacy-policy\/\",\"url\":\"https:\/\/staging.phimostop.com\/es\/privacy-policy\/\",\"name\":\"Privacy Policy - Phimostop\",\"isPartOf\":{\"@id\":\"https:\/\/staging.phimostop.com\/es\/#website\"},\"datePublished\":\"2025-09-19T15:27:37+00:00\",\"dateModified\":\"2026-02-24T11:11:31+00:00\",\"breadcrumb\":{\"@id\":\"https:\/\/staging.phimostop.com\/es\/privacy-policy\/#breadcrumb\"},\"inLanguage\":\"es\",\"potentialAction\":[{\"@type\":\"ReadAction\",\"target\":[\"https:\/\/staging.phimostop.com\/es\/privacy-policy\/\"]}]},{\"@type\":\"BreadcrumbList\",\"@id\":\"https:\/\/staging.phimostop.com\/es\/privacy-policy\/#breadcrumb\",\"itemListElement\":[{\"@type\":\"ListItem\",\"position\":1,\"name\":\"Home\",\"item\":\"https:\/\/staging.phimostop.com\/es\/\"},{\"@type\":\"ListItem\",\"position\":2,\"name\":\"Privacy Policy\"}]},{\"@type\":\"WebSite\",\"@id\":\"https:\/\/staging.phimostop.com\/es\/#website\",\"url\":\"https:\/\/staging.phimostop.com\/es\/\",\"name\":\"Phimostop\",\"description\":\"\",\"publisher\":{\"@id\":\"https:\/\/staging.phimostop.com\/es\/#organization\"},\"potentialAction\":[{\"@type\":\"SearchAction\",\"target\":{\"@type\":\"EntryPoint\",\"urlTemplate\":\"https:\/\/staging.phimostop.com\/es\/?s={search_term_string}\"},\"query-input\":{\"@type\":\"PropertyValueSpecification\",\"valueRequired\":true,\"valueName\":\"search_term_string\"}}],\"inLanguage\":\"es\"},{\"@type\":\"Organization\",\"@id\":\"https:\/\/staging.phimostop.com\/es\/#organization\",\"name\":\"Phimostop\",\"url\":\"https:\/\/staging.phimostop.com\/es\/\",\"logo\":{\"@type\":\"ImageObject\",\"inLanguage\":\"es\",\"@id\":\"https:\/\/staging.phimostop.com\/es\/#\/schema\/logo\/image\/\",\"url\":\"https:\/\/staging.phimostop.com\/wp-content\/uploads\/2025\/09\/phimo-logo-brand.png\",\"contentUrl\":\"https:\/\/staging.phimostop.com\/wp-content\/uploads\/2025\/09\/phimo-logo-brand.png\",\"width\":1788,\"height\":318,\"caption\":\"Phimostop\"},\"image\":{\"@id\":\"https:\/\/staging.phimostop.com\/es\/#\/schema\/logo\/image\/\"}}]}<\/script>\n<!-- \/ Yoast SEO plugin. -->","yoast_head_json":{"title":"Privacy Policy - Phimostop","robots":{"index":"noindex","follow":"follow","max-snippet":"max-snippet:-1","max-image-preview":"max-image-preview:large","max-video-preview":"max-video-preview:-1"},"og_locale":"es_ES","og_type":"article","og_title":"Privacy Policy - Phimostop","og_description":"Pol\u00edtica de privacidad de conformidad con el Reglamento (UE) 2016\/679 en materia de protecci\u00f3n de datos personales 1. Objeto La presente pol\u00edtica de privacidad (\u00abPol\u00edtica de privacidad\u00bb) se proporciona de conformidad con los art\u00edculo 13 del Reglamento (UE) 2016\/679 (en adelante, el \u00abRGPD\u00bb) con el fin de informarle sobre el tratamiento de sus datos personales [&hellip;]","og_url":"https:\/\/staging.phimostop.com\/es\/privacy-policy\/","og_site_name":"Phimostop","article_modified_time":"2026-02-24T11:11:31+00:00","twitter_card":"summary_large_image","twitter_misc":{"Tiempo de lectura":"1 minuto"},"schema":{"@context":"https:\/\/schema.org","@graph":[{"@type":"WebPage","@id":"https:\/\/staging.phimostop.com\/es\/privacy-policy\/","url":"https:\/\/staging.phimostop.com\/es\/privacy-policy\/","name":"Privacy Policy - Phimostop","isPartOf":{"@id":"https:\/\/staging.phimostop.com\/es\/#website"},"datePublished":"2025-09-19T15:27:37+00:00","dateModified":"2026-02-24T11:11:31+00:00","breadcrumb":{"@id":"https:\/\/staging.phimostop.com\/es\/privacy-policy\/#breadcrumb"},"inLanguage":"es","potentialAction":[{"@type":"ReadAction","target":["https:\/\/staging.phimostop.com\/es\/privacy-policy\/"]}]},{"@type":"BreadcrumbList","@id":"https:\/\/staging.phimostop.com\/es\/privacy-policy\/#breadcrumb","itemListElement":[{"@type":"ListItem","position":1,"name":"Home","item":"https:\/\/staging.phimostop.com\/es\/"},{"@type":"ListItem","position":2,"name":"Privacy Policy"}]},{"@type":"WebSite","@id":"https:\/\/staging.phimostop.com\/es\/#website","url":"https:\/\/staging.phimostop.com\/es\/","name":"Phimostop","description":"","publisher":{"@id":"https:\/\/staging.phimostop.com\/es\/#organization"},"potentialAction":[{"@type":"SearchAction","target":{"@type":"EntryPoint","urlTemplate":"https:\/\/staging.phimostop.com\/es\/?s={search_term_string}"},"query-input":{"@type":"PropertyValueSpecification","valueRequired":true,"valueName":"search_term_string"}}],"inLanguage":"es"},{"@type":"Organization","@id":"https:\/\/staging.phimostop.com\/es\/#organization","name":"Phimostop","url":"https:\/\/staging.phimostop.com\/es\/","logo":{"@type":"ImageObject","inLanguage":"es","@id":"https:\/\/staging.phimostop.com\/es\/#\/schema\/logo\/image\/","url":"https:\/\/staging.phimostop.com\/wp-content\/uploads\/2025\/09\/phimo-logo-brand.png","contentUrl":"https:\/\/staging.phimostop.com\/wp-content\/uploads\/2025\/09\/phimo-logo-brand.png","width":1788,"height":318,"caption":"Phimostop"},"image":{"@id":"https:\/\/staging.phimostop.com\/es\/#\/schema\/logo\/image\/"}}]}},"_wl_alt_label":[],"acf":[],"wl:entity_url":"\/page\/privacy-policy-5","_links":{"self":[{"href":"https:\/\/staging.phimostop.com\/es\/wp-json\/wp\/v2\/pages\/2917","targetHints":{"allow":["GET"]}}],"collection":[{"href":"https:\/\/staging.phimostop.com\/es\/wp-json\/wp\/v2\/pages"}],"about":[{"href":"https:\/\/staging.phimostop.com\/es\/wp-json\/wp\/v2\/types\/page"}],"author":[{"embeddable":true,"href":"https:\/\/staging.phimostop.com\/es\/wp-json\/wp\/v2\/users\/1"}],"replies":[{"embeddable":true,"href":"https:\/\/staging.phimostop.com\/es\/wp-json\/wp\/v2\/comments?post=2917"}],"version-history":[{"count":4,"href":"https:\/\/staging.phimostop.com\/es\/wp-json\/wp\/v2\/pages\/2917\/revisions"}],"predecessor-version":[{"id":5008,"href":"https:\/\/staging.phimostop.com\/es\/wp-json\/wp\/v2\/pages\/2917\/revisions\/5008"}],"wp:attachment":[{"href":"https:\/\/staging.phimostop.com\/es\/wp-json\/wp\/v2\/media?parent=2917"}],"wp:term":[{"taxonomy":"wl_entity_type","embeddable":true,"href":"https:\/\/staging.phimostop.com\/es\/wp-json\/wp\/v2\/wl_entity_type?post=2917"}],"curies":[{"name":"wp","href":"https:\/\/api.w.org\/{rel}","templated":true}]}}